{"id":1268,"date":"2023-02-27T11:10:45","date_gmt":"2023-02-27T09:10:45","guid":{"rendered":"https:\/\/www.joutsa.fi\/jouto\/?page_id=1268"},"modified":"2026-05-07T14:28:43","modified_gmt":"2026-05-07T11:28:43","slug":"ohjelma","status":"publish","type":"page","link":"https:\/\/www.joutsa.fi\/jouto\/ohjelma\/","title":{"rendered":"OHJELMA 2026"},"content":{"rendered":"\t\t<div data-elementor-type=\"wp-page\" data-elementor-id=\"1268\" class=\"elementor elementor-1268\">\n\t\t\t\t\t\t<section class=\"elementor-section elementor-top-section elementor-element elementor-element-71b5263 elementor-section-boxed elementor-section-height-default elementor-section-height-default wpr-particle-no wpr-jarallax-no wpr-parallax-no wpr-sticky-section-no wpr-column-slider-no wpr-equal-height-no\" data-id=\"71b5263\" data-element_type=\"section\" data-e-type=\"section\">\n\t\t\t\t\t\t<div class=\"elementor-container elementor-column-gap-default\">\n\t\t\t\t\t<div class=\"elementor-column elementor-col-100 elementor-top-column elementor-element elementor-element-f53e014\" data-id=\"f53e014\" data-element_type=\"column\" data-e-type=\"column\">\n\t\t\t<div class=\"elementor-widget-wrap elementor-element-populated\">\n\t\t\t\t\t\t<section class=\"elementor-section elementor-inner-section elementor-element elementor-element-63ac118 elementor-section-boxed elementor-section-height-default elementor-section-height-default wpr-particle-no wpr-jarallax-no wpr-parallax-no wpr-sticky-section-no wpr-column-slider-no wpr-equal-height-no\" data-id=\"63ac118\" data-element_type=\"section\" data-e-type=\"section\">\n\t\t\t\t\t\t<div class=\"elementor-container elementor-column-gap-default\">\n\t\t\t\t\t<div class=\"elementor-column elementor-col-50 elementor-inner-column elementor-element elementor-element-7116d52\" data-id=\"7116d52\" data-element_type=\"column\" data-e-type=\"column\">\n\t\t\t<div class=\"elementor-widget-wrap\">\n\t\t\t\t\t\t\t<\/div>\n\t\t<\/div>\n\t\t\t\t<div class=\"elementor-column elementor-col-50 elementor-inner-column elementor-element elementor-element-6847eee\" data-id=\"6847eee\" data-element_type=\"column\" data-e-type=\"column\">\n\t\t\t<div class=\"elementor-widget-wrap\">\n\t\t\t\t\t\t\t<\/div>\n\t\t<\/div>\n\t\t\t\t\t<\/div>\n\t\t<\/section>\n\t\t\t\t\t<\/div>\n\t\t<\/div>\n\t\t\t\t\t<\/div>\n\t\t<\/section>\n\t\t\t\t<section class=\"elementor-section elementor-top-section elementor-element elementor-element-b098e0d elementor-section-boxed elementor-section-height-default elementor-section-height-default wpr-particle-no wpr-jarallax-no wpr-parallax-no wpr-sticky-section-no wpr-column-slider-no wpr-equal-height-no\" data-id=\"b098e0d\" data-element_type=\"section\" data-e-type=\"section\">\n\t\t\t\t\t\t<div class=\"elementor-container elementor-column-gap-default\">\n\t\t\t\t\t<div class=\"elementor-column elementor-col-50 elementor-top-column elementor-element elementor-element-af75762\" data-id=\"af75762\" data-element_type=\"column\" data-e-type=\"column\">\n\t\t\t<div class=\"elementor-widget-wrap elementor-element-populated\">\n\t\t\t\t\t\t<section class=\"elementor-section elementor-inner-section elementor-element elementor-element-60e3376 elementor-section-boxed elementor-section-height-default elementor-section-height-default wpr-particle-no wpr-jarallax-no wpr-parallax-no wpr-sticky-section-no wpr-column-slider-no wpr-equal-height-no\" data-id=\"60e3376\" data-element_type=\"section\" data-e-type=\"section\">\n\t\t\t\t\t\t<div class=\"elementor-container elementor-column-gap-default\">\n\t\t\t\t\t<div class=\"elementor-column elementor-col-100 elementor-inner-column elementor-element elementor-element-9b1d4fd\" data-id=\"9b1d4fd\" data-element_type=\"column\" data-e-type=\"column\">\n\t\t\t<div class=\"elementor-widget-wrap elementor-element-populated\">\n\t\t\t\t\t\t<div class=\"elementor-element elementor-element-81f2afc elementor-widget elementor-widget-text-editor\" data-id=\"81f2afc\" data-element_type=\"widget\" data-e-type=\"widget\" data-widget_type=\"text-editor.default\">\n\t\t\t\t<div class=\"elementor-widget-container\">\n\t\t\t\t\t\t\t\t\t<h5>OHJELMA 2026<\/h5><p><span style=\"font-weight: 400;\">Joutop\u00e4iv\u00e4t ohjelma 2026<\/span><\/p><p><strong>PE 3.7.<\/strong><\/p><p><strong>Kirkkokonsertti klo 18<\/strong><br \/><strong>Miia Laitinen<\/strong> <b><br \/><\/b><\/p><p><span style=\"font-weight: 400;\"><strong>LA 4.7.<\/strong><br \/><\/span><b>Ohjelmalliset maalaismarkkinat \/ talomuseo klo 9-15<\/b><\/p><p><span style=\"font-weight: 400;\">Markkinoiden avaus klo 9.30\u00a0<\/span><\/p><ul><li><span style=\"font-weight: 400;\">Joutomies saapuu, musiikkia Joutomies &amp; Suonteebois<\/span><\/li><li><span style=\"font-weight: 400;\">Kansallispukujen tuuletusta markkinoilla, tervetuloa markkinoille kansallispuvussa &#8211; lavalla kansallispukuaiheista ohjelmaa klo 10.30 <\/span><span style=\"font-weight: 400;\">Tuula Tanttula-Murto, asiantuntijapuheenvuoro <\/span><\/li><li>Markkinatanssit klo 11.00, s\u00e4est\u00e4\u00e4 Aatu Kiren<\/li><li>Joutsan sahtimestaruuskilpailun avaus klo 11.45<\/li><li>Markkinatanssit jatkuu klo 12.00 &#8211; s<span>\u00e4est\u00e4\u00e4 Aatu Kiren<\/span><\/li><li>Kes\u00e4joutsalaiset: Mit\u00e4 Joutsa ja kes\u00e4jousalaisuus merkitsee? Klo 12.45<\/li><li>Jouni Reinikainen ja Ilmari Kontio<\/li><li>Sahtimestarin julistaminen klo 13.30<\/li><li>Markkinoiden oheisohjelmaa: ty\u00f6n\u00e4yt\u00f6ksi\u00e4, vanhojen koneiden n\u00e4yttely, laserammuntaa\u2026<\/li><\/ul><p><b>Josepa It\u00e4-L\u00e4nsi Jalkapallo-ottelu tekonurmella klo 16.00\u00a0<\/b><\/p><p><b>Joutoh\u00f6lkk\u00e4 50v. \/ Joutsan Pommi klo 16.00<\/b><\/p><p><b>Ilta talomuseolla klo 20-01<\/b><\/p><p><span style=\"font-weight: 400;\">Esiintyv\u00e4t:<br \/><\/span><span style=\"font-weight: 400;\">RESTONE<br \/><\/span><span style=\"font-weight: 400;\">Marko Haavisto ja Poutahaukat \/w Mr Breathless<br \/><\/span><span style=\"font-weight: 400;\">Hittiorkesteri Aimo<\/span><\/p><p>Liput 30 euroa &#8211; lippuja voi ostaa illalla portilta ja markkinoilta p\u00e4iv\u00e4ll\u00e4. Ei ennakkolipunmyynti\u00e4.<\/p><p><strong>SU 5.7.<\/strong><\/p><p><b>Soundia ja s\u00e4pin\u00e4\u00e4 koko perheelle<br \/><\/b><strong>Siina &amp; Taikaradio <b>klo 13.00<\/b><\/strong><\/p><p><span style=\"font-weight: 400;\">&#8211; puoliaika<\/span><\/p><p><span style=\"font-weight: 400;\"><strong>Coevisto klo 15<\/strong><br \/>Yhteisty\u00f6ss\u00e4 MLL<\/span><\/p><p><b>Iskelm\u00e4kirkko klo 17.00,<\/b><span style=\"font-weight: 400;\"> Joutsan kirkko<\/span><\/p><p><b>Talkooteatteri klo 19.00,<\/b><span style=\"font-weight: 400;\"> Nuorisoseurantalo Honkala<\/span><\/p>\t\t\t\t\t\t\t\t<\/div>\n\t\t\t\t<\/div>\n\t\t\t\t\t<\/div>\n\t\t<\/div>\n\t\t\t\t\t<\/div>\n\t\t<\/section>\n\t\t\t\t\t<\/div>\n\t\t<\/div>\n\t\t\t\t<div class=\"elementor-column elementor-col-50 elementor-top-column elementor-element elementor-element-4bfb78a\" data-id=\"4bfb78a\" data-element_type=\"column\" data-e-type=\"column\">\n\t\t\t<div class=\"elementor-widget-wrap elementor-element-populated\">\n\t\t\t\t\t\t<div class=\"elementor-element elementor-element-bc42626 elementor-widget elementor-widget-image\" data-id=\"bc42626\" data-element_type=\"widget\" data-e-type=\"widget\" data-widget_type=\"image.default\">\n\t\t\t\t<div class=\"elementor-widget-container\">\n\t\t\t\t\t\t\t\t\t\t\t\t\t\t\t<img fetchpriority=\"high\" decoding=\"async\" width=\"722\" height=\"1024\" src=\"https:\/\/www.joutsa.fi\/jouto\/wp-content\/uploads\/2026\/05\/Joutopaivat-juliste-722x1024.png\" class=\"attachment-large size-large wp-image-3600\" alt=\"\" srcset=\"https:\/\/www.joutsa.fi\/jouto\/wp-content\/uploads\/2026\/05\/Joutopaivat-juliste-722x1024.png 722w, https:\/\/www.joutsa.fi\/jouto\/wp-content\/uploads\/2026\/05\/Joutopaivat-juliste-212x300.png 212w, https:\/\/www.joutsa.fi\/jouto\/wp-content\/uploads\/2026\/05\/Joutopaivat-juliste-768x1089.png 768w, https:\/\/www.joutsa.fi\/jouto\/wp-content\/uploads\/2026\/05\/Joutopaivat-juliste-1083x1536.png 1083w, https:\/\/www.joutsa.fi\/jouto\/wp-content\/uploads\/2026\/05\/Joutopaivat-juliste-219x310.png 219w, https:\/\/www.joutsa.fi\/jouto\/wp-content\/uploads\/2026\/05\/Joutopaivat-juliste.png 1410w\" sizes=\"(max-width: 722px) 100vw, 722px\" \/>\t\t\t\t\t\t\t\t\t\t\t\t\t\t\t<\/div>\n\t\t\t\t<\/div>\n\t\t\t\t\t<\/div>\n\t\t<\/div>\n\t\t\t\t\t<\/div>\n\t\t<\/section>\n\t\t\t\t<\/div>\n\t\t","protected":false},"excerpt":{"rendered":"<p>OHJELMA 2026 Joutop\u00e4iv\u00e4t ohjelma 2026 PE 3.7. Kirkkokonsertti klo 18Miia Laitinen LA 4.7.Ohjelmalliset maalaismarkkinat \/ talomuseo klo 9-15 Markkinoiden avaus klo 9.30\u00a0 Joutomies saapuu, musiikkia &hellip;<\/p>\n","protected":false},"author":3,"featured_media":3453,"parent":0,"menu_order":0,"comment_status":"closed","ping_status":"closed","template":"","meta":{"footnotes":""},"class_list":["post-1268","page","type-page","status-publish","has-post-thumbnail","hentry"],"yoast_head":"<!-- This site is optimized with the Yoast SEO plugin v27.5 - https:\/\/yoast.com\/product\/yoast-seo-wordpress\/ -->\n<title>OHJELMA 2026 - Joutsan Joutop\u00e4iv\u00e4t 4.-5.7.2026<\/title>\n<meta name=\"description\" content=\"OHJELMA 2026 Joutsan Joutop\u00e4iv\u00e4t 4.-5.7.2026 Vuoden 2024 ohjelma on julkaistu! Luvassa markkinahumua, esiintyji\u00e4, ruokaa ja juomaa.\" \/>\n<meta name=\"robots\" content=\"index, follow, max-snippet:-1, max-image-preview:large, max-video-preview:-1\" \/>\n<link rel=\"canonical\" href=\"https:\/\/www.joutsa.fi\/jouto\/ohjelma\/\" \/>\n<meta property=\"og:locale\" content=\"fi_FI\" \/>\n<meta property=\"og:type\" content=\"article\" \/>\n<meta property=\"og:title\" content=\"Joutsan Joutop\u00e4ivien ohjelma\" \/>\n<meta property=\"og:description\" content=\"Joutsan Joutop\u00e4iv\u00e4t j\u00e4rjestet\u00e4\u00e4n 6.-7.7.2024.\" \/>\n<meta property=\"og:url\" content=\"https:\/\/www.joutsa.fi\/jouto\/ohjelma\/\" \/>\n<meta property=\"og:site_name\" content=\"Joutsan Joutop\u00e4iv\u00e4t 4.-5.7.2026\" \/>\n<meta property=\"article:publisher\" content=\"https:\/\/www.facebook.com\/joutopaivat\" \/>\n<meta property=\"article:modified_time\" content=\"2026-05-07T11:28:43+00:00\" \/>\n<meta property=\"og:image\" content=\"https:\/\/www.joutsa.fi\/jouto\/wp-content\/uploads\/2024\/05\/Copy-of-Joutopaivat-ennakkoflyer-24-1920-x-1080-px-1-1024x576.png\" \/>\n\t<meta property=\"og:image:width\" content=\"1024\" \/>\n\t<meta property=\"og:image:height\" content=\"576\" \/>\n\t<meta property=\"og:image:type\" content=\"image\/png\" \/>\n<meta name=\"twitter:card\" content=\"summary_large_image\" \/>\n<meta name=\"twitter:title\" content=\"OHJELMA 2026 Joutsan Joutop\u00e4iv\u00e4t 4.-5.7.2026\" \/>\n<meta name=\"twitter:label1\" content=\"Arvioitu lukuaika\" \/>\n\t<meta name=\"twitter:data1\" content=\"2 minuuttia\" \/>\n<script type=\"application\/ld+json\" class=\"yoast-schema-graph\">{\"@context\":\"https:\\\/\\\/schema.org\",\"@graph\":[{\"@type\":\"WebPage\",\"@id\":\"https:\\\/\\\/www.joutsa.fi\\\/jouto\\\/ohjelma\\\/\",\"url\":\"https:\\\/\\\/www.joutsa.fi\\\/jouto\\\/ohjelma\\\/\",\"name\":\"OHJELMA 2026 - Joutsan Joutop\u00e4iv\u00e4t 4.-5.7.2026\",\"isPartOf\":{\"@id\":\"https:\\\/\\\/www.joutsa.fi\\\/jouto\\\/#website\"},\"primaryImageOfPage\":{\"@id\":\"https:\\\/\\\/www.joutsa.fi\\\/jouto\\\/ohjelma\\\/#primaryimage\"},\"image\":{\"@id\":\"https:\\\/\\\/www.joutsa.fi\\\/jouto\\\/ohjelma\\\/#primaryimage\"},\"thumbnailUrl\":\"https:\\\/\\\/www.joutsa.fi\\\/jouto\\\/wp-content\\\/uploads\\\/2024\\\/09\\\/451239242_1092190062431147_2503878929794667372_n.jpg\",\"datePublished\":\"2023-02-27T09:10:45+00:00\",\"dateModified\":\"2026-05-07T11:28:43+00:00\",\"description\":\"OHJELMA 2026 Joutsan Joutop\u00e4iv\u00e4t 4.-5.7.2026 Vuoden 2024 ohjelma on julkaistu! Luvassa markkinahumua, esiintyji\u00e4, ruokaa ja juomaa.\",\"breadcrumb\":{\"@id\":\"https:\\\/\\\/www.joutsa.fi\\\/jouto\\\/ohjelma\\\/#breadcrumb\"},\"inLanguage\":\"fi\",\"potentialAction\":[{\"@type\":\"ReadAction\",\"target\":[\"https:\\\/\\\/www.joutsa.fi\\\/jouto\\\/ohjelma\\\/\"]}]},{\"@type\":\"ImageObject\",\"inLanguage\":\"fi\",\"@id\":\"https:\\\/\\\/www.joutsa.fi\\\/jouto\\\/ohjelma\\\/#primaryimage\",\"url\":\"https:\\\/\\\/www.joutsa.fi\\\/jouto\\\/wp-content\\\/uploads\\\/2024\\\/09\\\/451239242_1092190062431147_2503878929794667372_n.jpg\",\"contentUrl\":\"https:\\\/\\\/www.joutsa.fi\\\/jouto\\\/wp-content\\\/uploads\\\/2024\\\/09\\\/451239242_1092190062431147_2503878929794667372_n.jpg\",\"width\":2048,\"height\":1092},{\"@type\":\"BreadcrumbList\",\"@id\":\"https:\\\/\\\/www.joutsa.fi\\\/jouto\\\/ohjelma\\\/#breadcrumb\",\"itemListElement\":[{\"@type\":\"ListItem\",\"position\":1,\"name\":\"Etusivu\",\"item\":\"https:\\\/\\\/www.joutsa.fi\\\/jouto\\\/\"},{\"@type\":\"ListItem\",\"position\":2,\"name\":\"OHJELMA 2026\"}]},{\"@type\":\"WebSite\",\"@id\":\"https:\\\/\\\/www.joutsa.fi\\\/jouto\\\/#website\",\"url\":\"https:\\\/\\\/www.joutsa.fi\\\/jouto\\\/\",\"name\":\"Joutsan Joutop\u00e4iv\u00e4t 4.-5.7.2026\",\"description\":\"Kes\u00e4isi\u00e4 kohtaamisia jo vuodesta 1972\",\"publisher\":{\"@id\":\"https:\\\/\\\/www.joutsa.fi\\\/jouto\\\/#organization\"},\"potentialAction\":[{\"@type\":\"SearchAction\",\"target\":{\"@type\":\"EntryPoint\",\"urlTemplate\":\"https:\\\/\\\/www.joutsa.fi\\\/jouto\\\/?s={search_term_string}\"},\"query-input\":{\"@type\":\"PropertyValueSpecification\",\"valueRequired\":true,\"valueName\":\"search_term_string\"}}],\"inLanguage\":\"fi\"},{\"@type\":\"Organization\",\"@id\":\"https:\\\/\\\/www.joutsa.fi\\\/jouto\\\/#organization\",\"name\":\"Joutsan Joutop\u00e4iv\u00e4t 4.-5.7.2026\",\"url\":\"https:\\\/\\\/www.joutsa.fi\\\/jouto\\\/\",\"logo\":{\"@type\":\"ImageObject\",\"inLanguage\":\"fi\",\"@id\":\"https:\\\/\\\/www.joutsa.fi\\\/jouto\\\/#\\\/schema\\\/logo\\\/image\\\/\",\"url\":\"https:\\\/\\\/www.joutsa.fi\\\/jouto\\\/wp-content\\\/uploads\\\/2023\\\/04\\\/cropped-cropped-Joutopaiva_logo_taustalla.png\",\"contentUrl\":\"https:\\\/\\\/www.joutsa.fi\\\/jouto\\\/wp-content\\\/uploads\\\/2023\\\/04\\\/cropped-cropped-Joutopaiva_logo_taustalla.png\",\"width\":512,\"height\":512,\"caption\":\"Joutsan Joutop\u00e4iv\u00e4t 4.-5.7.2026\"},\"image\":{\"@id\":\"https:\\\/\\\/www.joutsa.fi\\\/jouto\\\/#\\\/schema\\\/logo\\\/image\\\/\"},\"sameAs\":[\"https:\\\/\\\/www.facebook.com\\\/joutopaivat\",\"https:\\\/\\\/www.instagram.com\\\/joutsan_joutopaivat\\\/\"]}]}<\/script>\n<!-- \/ Yoast SEO plugin. -->","yoast_head_json":{"title":"OHJELMA 2026 - Joutsan Joutop\u00e4iv\u00e4t 4.-5.7.2026","description":"OHJELMA 2026 Joutsan Joutop\u00e4iv\u00e4t 4.-5.7.2026 Vuoden 2024 ohjelma on julkaistu! Luvassa markkinahumua, esiintyji\u00e4, ruokaa ja juomaa.","robots":{"index":"index","follow":"follow","max-snippet":"max-snippet:-1","max-image-preview":"max-image-preview:large","max-video-preview":"max-video-preview:-1"},"canonical":"https:\/\/www.joutsa.fi\/jouto\/ohjelma\/","og_locale":"fi_FI","og_type":"article","og_title":"Joutsan Joutop\u00e4ivien ohjelma","og_description":"Joutsan Joutop\u00e4iv\u00e4t j\u00e4rjestet\u00e4\u00e4n 6.-7.7.2024.","og_url":"https:\/\/www.joutsa.fi\/jouto\/ohjelma\/","og_site_name":"Joutsan Joutop\u00e4iv\u00e4t 4.-5.7.2026","article_publisher":"https:\/\/www.facebook.com\/joutopaivat","article_modified_time":"2026-05-07T11:28:43+00:00","og_image":[{"width":1024,"height":576,"url":"https:\/\/www.joutsa.fi\/jouto\/wp-content\/uploads\/2024\/05\/Copy-of-Joutopaivat-ennakkoflyer-24-1920-x-1080-px-1-1024x576.png","type":"image\/png"}],"twitter_card":"summary_large_image","twitter_title":"OHJELMA 2026 Joutsan Joutop\u00e4iv\u00e4t 4.-5.7.2026","twitter_misc":{"Arvioitu lukuaika":"2 minuuttia"},"schema":{"@context":"https:\/\/schema.org","@graph":[{"@type":"WebPage","@id":"https:\/\/www.joutsa.fi\/jouto\/ohjelma\/","url":"https:\/\/www.joutsa.fi\/jouto\/ohjelma\/","name":"OHJELMA 2026 - Joutsan Joutop\u00e4iv\u00e4t 4.-5.7.2026","isPartOf":{"@id":"https:\/\/www.joutsa.fi\/jouto\/#website"},"primaryImageOfPage":{"@id":"https:\/\/www.joutsa.fi\/jouto\/ohjelma\/#primaryimage"},"image":{"@id":"https:\/\/www.joutsa.fi\/jouto\/ohjelma\/#primaryimage"},"thumbnailUrl":"https:\/\/www.joutsa.fi\/jouto\/wp-content\/uploads\/2024\/09\/451239242_1092190062431147_2503878929794667372_n.jpg","datePublished":"2023-02-27T09:10:45+00:00","dateModified":"2026-05-07T11:28:43+00:00","description":"OHJELMA 2026 Joutsan Joutop\u00e4iv\u00e4t 4.-5.7.2026 Vuoden 2024 ohjelma on julkaistu! Luvassa markkinahumua, esiintyji\u00e4, ruokaa ja juomaa.","breadcrumb":{"@id":"https:\/\/www.joutsa.fi\/jouto\/ohjelma\/#breadcrumb"},"inLanguage":"fi","potentialAction":[{"@type":"ReadAction","target":["https:\/\/www.joutsa.fi\/jouto\/ohjelma\/"]}]},{"@type":"ImageObject","inLanguage":"fi","@id":"https:\/\/www.joutsa.fi\/jouto\/ohjelma\/#primaryimage","url":"https:\/\/www.joutsa.fi\/jouto\/wp-content\/uploads\/2024\/09\/451239242_1092190062431147_2503878929794667372_n.jpg","contentUrl":"https:\/\/www.joutsa.fi\/jouto\/wp-content\/uploads\/2024\/09\/451239242_1092190062431147_2503878929794667372_n.jpg","width":2048,"height":1092},{"@type":"BreadcrumbList","@id":"https:\/\/www.joutsa.fi\/jouto\/ohjelma\/#breadcrumb","itemListElement":[{"@type":"ListItem","position":1,"name":"Etusivu","item":"https:\/\/www.joutsa.fi\/jouto\/"},{"@type":"ListItem","position":2,"name":"OHJELMA 2026"}]},{"@type":"WebSite","@id":"https:\/\/www.joutsa.fi\/jouto\/#website","url":"https:\/\/www.joutsa.fi\/jouto\/","name":"Joutsan Joutop\u00e4iv\u00e4t 4.-5.7.2026","description":"Kes\u00e4isi\u00e4 kohtaamisia jo vuodesta 1972","publisher":{"@id":"https:\/\/www.joutsa.fi\/jouto\/#organization"},"potentialAction":[{"@type":"SearchAction","target":{"@type":"EntryPoint","urlTemplate":"https:\/\/www.joutsa.fi\/jouto\/?s={search_term_string}"},"query-input":{"@type":"PropertyValueSpecification","valueRequired":true,"valueName":"search_term_string"}}],"inLanguage":"fi"},{"@type":"Organization","@id":"https:\/\/www.joutsa.fi\/jouto\/#organization","name":"Joutsan Joutop\u00e4iv\u00e4t 4.-5.7.2026","url":"https:\/\/www.joutsa.fi\/jouto\/","logo":{"@type":"ImageObject","inLanguage":"fi","@id":"https:\/\/www.joutsa.fi\/jouto\/#\/schema\/logo\/image\/","url":"https:\/\/www.joutsa.fi\/jouto\/wp-content\/uploads\/2023\/04\/cropped-cropped-Joutopaiva_logo_taustalla.png","contentUrl":"https:\/\/www.joutsa.fi\/jouto\/wp-content\/uploads\/2023\/04\/cropped-cropped-Joutopaiva_logo_taustalla.png","width":512,"height":512,"caption":"Joutsan Joutop\u00e4iv\u00e4t 4.-5.7.2026"},"image":{"@id":"https:\/\/www.joutsa.fi\/jouto\/#\/schema\/logo\/image\/"},"sameAs":["https:\/\/www.facebook.com\/joutopaivat","https:\/\/www.instagram.com\/joutsan_joutopaivat\/"]}]}},"_links":{"self":[{"href":"https:\/\/www.joutsa.fi\/jouto\/wp-json\/wp\/v2\/pages\/1268","targetHints":{"allow":["GET"]}}],"collection":[{"href":"https:\/\/www.joutsa.fi\/jouto\/wp-json\/wp\/v2\/pages"}],"about":[{"href":"https:\/\/www.joutsa.fi\/jouto\/wp-json\/wp\/v2\/types\/page"}],"author":[{"embeddable":true,"href":"https:\/\/www.joutsa.fi\/jouto\/wp-json\/wp\/v2\/users\/3"}],"replies":[{"embeddable":true,"href":"https:\/\/www.joutsa.fi\/jouto\/wp-json\/wp\/v2\/comments?post=1268"}],"version-history":[{"count":374,"href":"https:\/\/www.joutsa.fi\/jouto\/wp-json\/wp\/v2\/pages\/1268\/revisions"}],"predecessor-version":[{"id":3603,"href":"https:\/\/www.joutsa.fi\/jouto\/wp-json\/wp\/v2\/pages\/1268\/revisions\/3603"}],"wp:featuredmedia":[{"embeddable":true,"href":"https:\/\/www.joutsa.fi\/jouto\/wp-json\/wp\/v2\/media\/3453"}],"wp:attachment":[{"href":"https:\/\/www.joutsa.fi\/jouto\/wp-json\/wp\/v2\/media?parent=1268"}],"curies":[{"name":"wp","href":"https:\/\/api.w.org\/{rel}","templated":true}]}}