{"id":1274,"date":"2023-02-27T11:51:01","date_gmt":"2023-02-27T09:51:01","guid":{"rendered":"https:\/\/www.joutsa.fi\/jouto\/?page_id=1274"},"modified":"2026-05-07T14:11:58","modified_gmt":"2026-05-07T11:11:58","slug":"markkinat","status":"publish","type":"page","link":"https:\/\/www.joutsa.fi\/jouto\/markkinat\/","title":{"rendered":"MARKKINAT"},"content":{"rendered":"\t\t<div data-elementor-type=\"wp-page\" data-elementor-id=\"1274\" class=\"elementor elementor-1274\">\n\t\t\t\t\t\t<section class=\"elementor-section elementor-top-section elementor-element elementor-element-0657726 elementor-section-boxed elementor-section-height-default elementor-section-height-default wpr-particle-no wpr-jarallax-no wpr-parallax-no wpr-sticky-section-no wpr-column-slider-no wpr-equal-height-no\" data-id=\"0657726\" data-element_type=\"section\" data-e-type=\"section\">\n\t\t\t\t\t\t<div class=\"elementor-container elementor-column-gap-default\">\n\t\t\t\t\t<div class=\"elementor-column elementor-col-100 elementor-top-column elementor-element elementor-element-3a122f7\" data-id=\"3a122f7\" data-element_type=\"column\" data-e-type=\"column\">\n\t\t\t<div class=\"elementor-widget-wrap elementor-element-populated\">\n\t\t\t\t\t\t<div class=\"elementor-element elementor-element-587598c elementor-widget elementor-widget-heading\" data-id=\"587598c\" data-element_type=\"widget\" data-e-type=\"widget\" data-widget_type=\"heading.default\">\n\t\t\t\t<div class=\"elementor-widget-container\">\n\t\t\t\t\t<h2 class=\"elementor-heading-title elementor-size-default\">Joutop\u00e4ivien maalaismarkkinat Joutsan Talomuseolla <\/h2>\t\t\t\t<\/div>\n\t\t\t\t<\/div>\n\t\t\t\t\t<\/div>\n\t\t<\/div>\n\t\t\t\t\t<\/div>\n\t\t<\/section>\n\t\t\t\t<section class=\"elementor-section elementor-top-section elementor-element elementor-element-a0e40a7 elementor-section-boxed elementor-section-height-default elementor-section-height-default wpr-particle-no wpr-jarallax-no wpr-parallax-no wpr-sticky-section-no wpr-column-slider-no wpr-equal-height-no\" data-id=\"a0e40a7\" data-element_type=\"section\" data-e-type=\"section\">\n\t\t\t\t\t\t<div class=\"elementor-container elementor-column-gap-default\">\n\t\t\t\t\t<div class=\"elementor-column elementor-col-100 elementor-top-column elementor-element elementor-element-36bfad6\" data-id=\"36bfad6\" data-element_type=\"column\" data-e-type=\"column\">\n\t\t\t<div class=\"elementor-widget-wrap elementor-element-populated\">\n\t\t\t\t\t\t<div class=\"elementor-element elementor-element-1c6b535 elementor-widget-divider--separator-type-pattern elementor-widget-divider--view-line elementor-widget elementor-widget-divider\" data-id=\"1c6b535\" data-element_type=\"widget\" data-e-type=\"widget\" data-widget_type=\"divider.default\">\n\t\t\t\t<div class=\"elementor-widget-container\">\n\t\t\t\t\t\t\t<div class=\"elementor-divider\" style=\"--divider-pattern-url: url(&quot;data:image\/svg+xml,%3Csvg xmlns=&#039;http:\/\/www.w3.org\/2000\/svg&#039; preserveAspectRatio=&#039;none&#039; overflow=&#039;visible&#039; height=&#039;100%&#039; viewBox=&#039;0 0 24 24&#039; fill=&#039;none&#039; stroke=&#039;black&#039; stroke-width=&#039;1&#039; stroke-linecap=&#039;square&#039; stroke-miterlimit=&#039;10&#039;%3E%3Cpath d=&#039;M0,6c6,0,0.9,11.1,6.9,11.1S18,6,24,6&#039;\/%3E%3C\/svg%3E&quot;);\">\n\t\t\t<span class=\"elementor-divider-separator\">\n\t\t\t\t\t\t<\/span>\n\t\t<\/div>\n\t\t\t\t\t\t<\/div>\n\t\t\t\t<\/div>\n\t\t\t\t\t<\/div>\n\t\t<\/div>\n\t\t\t\t\t<\/div>\n\t\t<\/section>\n\t\t\t\t<section class=\"elementor-section elementor-top-section elementor-element elementor-element-c473fd4 elementor-section-boxed elementor-section-height-default elementor-section-height-default wpr-particle-no wpr-jarallax-no wpr-parallax-no wpr-sticky-section-no wpr-column-slider-no wpr-equal-height-no\" data-id=\"c473fd4\" data-element_type=\"section\" data-e-type=\"section\">\n\t\t\t\t\t\t<div class=\"elementor-container elementor-column-gap-default\">\n\t\t\t\t\t<div class=\"elementor-column elementor-col-50 elementor-top-column elementor-element elementor-element-80a5897\" data-id=\"80a5897\" data-element_type=\"column\" data-e-type=\"column\">\n\t\t\t<div class=\"elementor-widget-wrap elementor-element-populated\">\n\t\t\t\t\t\t<div class=\"elementor-element elementor-element-26acc67 elementor-widget elementor-widget-heading\" data-id=\"26acc67\" data-element_type=\"widget\" data-e-type=\"widget\" data-widget_type=\"heading.default\">\n\t\t\t\t<div class=\"elementor-widget-container\">\n\t\t\t\t\t<h3 class=\"elementor-heading-title elementor-size-default\">Tule myyj\u00e4ksi markkinoille!<\/h3>\t\t\t\t<\/div>\n\t\t\t\t<\/div>\n\t\t\t\t<div class=\"elementor-element elementor-element-4c32ac1 elementor-widget elementor-widget-text-editor\" data-id=\"4c32ac1\" data-element_type=\"widget\" data-e-type=\"widget\" data-widget_type=\"text-editor.default\">\n\t\t\t\t<div class=\"elementor-widget-container\">\n\t\t\t\t\t\t\t\t\t<p><span style=\"font-weight: 400;\">Ilmoittautumiset markkinamyyj\u00e4ksi pyyd\u00e4mme s\u00e4hk\u00f6postitse osoitteeseen: pekka.lankia@gmail.com<\/span><\/p><p>Tapahtumapaikan osoite:<br \/><strong>JOUTSAN TALOMUSEO\u00a0<\/strong><br \/>Museotie 2, 19650 Joutsa<\/p>\t\t\t\t\t\t\t\t<\/div>\n\t\t\t\t<\/div>\n\t\t\t\t\t<\/div>\n\t\t<\/div>\n\t\t\t\t<div class=\"elementor-column elementor-col-50 elementor-top-column elementor-element elementor-element-03c11b9\" data-id=\"03c11b9\" data-element_type=\"column\" data-e-type=\"column\">\n\t\t\t<div class=\"elementor-widget-wrap elementor-element-populated\">\n\t\t\t\t\t\t<div class=\"elementor-element elementor-element-67f20c5 elementor-widget elementor-widget-google_maps\" data-id=\"67f20c5\" data-element_type=\"widget\" data-e-type=\"widget\" data-widget_type=\"google_maps.default\">\n\t\t\t\t<div class=\"elementor-widget-container\">\n\t\t\t\t\t\t\t<div class=\"elementor-custom-embed\">\n\t\t\t<iframe loading=\"lazy\"\n\t\t\t\t\tsrc=\"https:\/\/maps.google.com\/maps?q=Joutsan%20Talomuseo%2C%20Museotie2%2C%20Joutsa&#038;t=m&#038;z=15&#038;output=embed&#038;iwloc=near\"\n\t\t\t\t\ttitle=\"Joutsan Talomuseo, Museotie2, Joutsa\"\n\t\t\t\t\taria-label=\"Joutsan Talomuseo, Museotie2, Joutsa\"\n\t\t\t><\/iframe>\n\t\t<\/div>\n\t\t\t\t\t\t<\/div>\n\t\t\t\t<\/div>\n\t\t\t\t\t<\/div>\n\t\t<\/div>\n\t\t\t\t\t<\/div>\n\t\t<\/section>\n\t\t\t\t<section class=\"elementor-section elementor-top-section elementor-element elementor-element-1229c23 elementor-section-boxed elementor-section-height-default elementor-section-height-default wpr-particle-no wpr-jarallax-no wpr-parallax-no wpr-sticky-section-no wpr-column-slider-no wpr-equal-height-no\" data-id=\"1229c23\" data-element_type=\"section\" data-e-type=\"section\">\n\t\t\t\t\t\t<div class=\"elementor-container elementor-column-gap-default\">\n\t\t\t\t\t<div class=\"elementor-column elementor-col-100 elementor-top-column elementor-element elementor-element-87903e8\" data-id=\"87903e8\" data-element_type=\"column\" data-e-type=\"column\">\n\t\t\t<div class=\"elementor-widget-wrap elementor-element-populated\">\n\t\t\t\t\t\t<div class=\"elementor-element elementor-element-4c5c93b elementor-widget elementor-widget-spacer\" data-id=\"4c5c93b\" data-element_type=\"widget\" data-e-type=\"widget\" data-widget_type=\"spacer.default\">\n\t\t\t\t<div class=\"elementor-widget-container\">\n\t\t\t\t\t\t\t<div class=\"elementor-spacer\">\n\t\t\t<div class=\"elementor-spacer-inner\"><\/div>\n\t\t<\/div>\n\t\t\t\t\t\t<\/div>\n\t\t\t\t<\/div>\n\t\t\t\t\t<\/div>\n\t\t<\/div>\n\t\t\t\t\t<\/div>\n\t\t<\/section>\n\t\t\t\t<section class=\"elementor-section elementor-top-section elementor-element elementor-element-9bdeeca elementor-section-boxed elementor-section-height-default elementor-section-height-default wpr-particle-no wpr-jarallax-no wpr-parallax-no wpr-sticky-section-no wpr-column-slider-no wpr-equal-height-no\" data-id=\"9bdeeca\" data-element_type=\"section\" data-e-type=\"section\">\n\t\t\t\t\t\t<div class=\"elementor-container elementor-column-gap-default\">\n\t\t\t\t\t<div class=\"elementor-column elementor-col-50 elementor-top-column elementor-element elementor-element-618924a\" data-id=\"618924a\" data-element_type=\"column\" data-e-type=\"column\">\n\t\t\t<div class=\"elementor-widget-wrap elementor-element-populated\">\n\t\t\t\t\t\t<div class=\"elementor-element elementor-element-9256cdd elementor-widget elementor-widget-image\" data-id=\"9256cdd\" data-element_type=\"widget\" data-e-type=\"widget\" data-widget_type=\"image.default\">\n\t\t\t\t<div class=\"elementor-widget-container\">\n\t\t\t\t\t\t\t\t\t\t\t\t\t\t\t<img fetchpriority=\"high\" decoding=\"async\" width=\"1024\" height=\"770\" src=\"https:\/\/www.joutsa.fi\/jouto\/wp-content\/uploads\/2023\/07\/IMG20230701112521-1024x770.jpg\" class=\"attachment-large size-large wp-image-2897\" alt=\"\" srcset=\"https:\/\/www.joutsa.fi\/jouto\/wp-content\/uploads\/2023\/07\/IMG20230701112521-1024x770.jpg 1024w, https:\/\/www.joutsa.fi\/jouto\/wp-content\/uploads\/2023\/07\/IMG20230701112521-300x226.jpg 300w, https:\/\/www.joutsa.fi\/jouto\/wp-content\/uploads\/2023\/07\/IMG20230701112521-768x578.jpg 768w, https:\/\/www.joutsa.fi\/jouto\/wp-content\/uploads\/2023\/07\/IMG20230701112521-1536x1155.jpg 1536w, https:\/\/www.joutsa.fi\/jouto\/wp-content\/uploads\/2023\/07\/IMG20230701112521-2048x1540.jpg 2048w, https:\/\/www.joutsa.fi\/jouto\/wp-content\/uploads\/2023\/07\/IMG20230701112521-412x310.jpg 412w\" sizes=\"(max-width: 1024px) 100vw, 1024px\" \/>\t\t\t\t\t\t\t\t\t\t\t\t\t\t\t<\/div>\n\t\t\t\t<\/div>\n\t\t\t\t\t<\/div>\n\t\t<\/div>\n\t\t\t\t<div class=\"elementor-column elementor-col-50 elementor-top-column elementor-element elementor-element-7f1422b\" data-id=\"7f1422b\" data-element_type=\"column\" data-e-type=\"column\">\n\t\t\t<div class=\"elementor-widget-wrap elementor-element-populated\">\n\t\t\t\t\t\t<div class=\"elementor-element elementor-element-bffd44b elementor-widget elementor-widget-image\" data-id=\"bffd44b\" data-element_type=\"widget\" data-e-type=\"widget\" data-widget_type=\"image.default\">\n\t\t\t\t<div class=\"elementor-widget-container\">\n\t\t\t\t\t\t\t\t\t\t\t\t\t\t\t<img decoding=\"async\" width=\"1024\" height=\"770\" src=\"https:\/\/www.joutsa.fi\/jouto\/wp-content\/uploads\/2024\/03\/kuva1-1024x770.jpg\" class=\"attachment-large size-large wp-image-3152\" alt=\"\" srcset=\"https:\/\/www.joutsa.fi\/jouto\/wp-content\/uploads\/2024\/03\/kuva1-1024x770.jpg 1024w, https:\/\/www.joutsa.fi\/jouto\/wp-content\/uploads\/2024\/03\/kuva1-300x226.jpg 300w, https:\/\/www.joutsa.fi\/jouto\/wp-content\/uploads\/2024\/03\/kuva1-768x578.jpg 768w, https:\/\/www.joutsa.fi\/jouto\/wp-content\/uploads\/2024\/03\/kuva1-1536x1155.jpg 1536w, https:\/\/www.joutsa.fi\/jouto\/wp-content\/uploads\/2024\/03\/kuva1-412x310.jpg 412w, https:\/\/www.joutsa.fi\/jouto\/wp-content\/uploads\/2024\/03\/kuva1.jpg 2048w\" sizes=\"(max-width: 1024px) 100vw, 1024px\" \/>\t\t\t\t\t\t\t\t\t\t\t\t\t\t\t<\/div>\n\t\t\t\t<\/div>\n\t\t\t\t\t<\/div>\n\t\t<\/div>\n\t\t\t\t\t<\/div>\n\t\t<\/section>\n\t\t\t\t<\/div>\n\t\t","protected":false},"excerpt":{"rendered":"<p>Joutop\u00e4ivien maalaismarkkinat Joutsan Talomuseolla Tule myyj\u00e4ksi markkinoille! Ilmoittautumiset markkinamyyj\u00e4ksi pyyd\u00e4mme s\u00e4hk\u00f6postitse osoitteeseen: pekka.lankia@gmail.com Tapahtumapaikan osoite:JOUTSAN TALOMUSEO\u00a0Museotie 2, 19650 Joutsa<\/p>\n","protected":false},"author":3,"featured_media":2309,"parent":0,"menu_order":0,"comment_status":"closed","ping_status":"closed","template":"","meta":{"footnotes":""},"class_list":["post-1274","page","type-page","status-publish","has-post-thumbnail","hentry"],"yoast_head":"<!-- This site is optimized with the Yoast SEO plugin v27.5 - https:\/\/yoast.com\/product\/yoast-seo-wordpress\/ -->\n<title>MARKKINAT - Joutsan Joutop\u00e4iv\u00e4t 4.-5.7.2026<\/title>\n<meta name=\"description\" content=\"Joutop\u00e4ivien markkinat uudistuvat ja vaihtavat paikkaa Joutsan Talomuseolle. Yksip\u00e4iv\u00e4iset maalaismarkkinat lauantaina 1.7.2023 klo 10-18.\" \/>\n<meta name=\"robots\" content=\"index, follow, max-snippet:-1, max-image-preview:large, max-video-preview:-1\" \/>\n<link rel=\"canonical\" href=\"https:\/\/www.joutsa.fi\/jouto\/markkinat\/\" \/>\n<meta property=\"og:locale\" content=\"fi_FI\" \/>\n<meta property=\"og:type\" content=\"article\" \/>\n<meta property=\"og:title\" content=\"MARKKINAT Joutsan Joutop\u00e4iv\u00e4t 4.-5.7.2026\" \/>\n<meta property=\"og:description\" content=\"Joutop\u00e4ivien markkinat uudistuvat ja vaihtavat paikkaa Joutsan Talomuseolle. Yksip\u00e4iv\u00e4iset maalaismarkkinat lauantaina 1.7.2023 klo 10-18.\" \/>\n<meta property=\"og:url\" content=\"https:\/\/www.joutsa.fi\/jouto\/markkinat\/\" \/>\n<meta property=\"og:site_name\" content=\"Joutsan Joutop\u00e4iv\u00e4t 4.-5.7.2026\" \/>\n<meta property=\"article:publisher\" content=\"https:\/\/www.facebook.com\/joutopaivat\" \/>\n<meta property=\"article:modified_time\" content=\"2026-05-07T11:11:58+00:00\" \/>\n<meta property=\"og:image\" content=\"https:\/\/www.joutsa.fi\/jouto\/wp-content\/uploads\/2023\/05\/jp-museo-nainen-scaled.jpg\" \/>\n\t<meta property=\"og:image:width\" content=\"2560\" \/>\n\t<meta property=\"og:image:height\" content=\"1707\" \/>\n\t<meta property=\"og:image:type\" content=\"image\/jpeg\" \/>\n<meta name=\"twitter:card\" content=\"summary_large_image\" \/>\n<meta name=\"twitter:title\" content=\"MARKKINAT Joutsan Joutop\u00e4iv\u00e4t 4.-5.7.2026\" \/>\n<meta name=\"twitter:description\" content=\"Joutop\u00e4ivien markkinat uudistuvat ja vaihtavat paikkaa Joutsan Talomuseolle. Yksip\u00e4iv\u00e4iset maalaismarkkinat lauantaina 1.7.2023 klo 10-18.\" \/>\n<meta name=\"twitter:image\" content=\"https:\/\/www.joutsa.fi\/jouto\/wp-content\/uploads\/2023\/05\/maalaismarkkinat.png\" \/>\n<meta name=\"twitter:label1\" content=\"Arvioitu lukuaika\" \/>\n\t<meta name=\"twitter:data1\" content=\"1 minuutti\" \/>\n<script type=\"application\/ld+json\" class=\"yoast-schema-graph\">{\"@context\":\"https:\\\/\\\/schema.org\",\"@graph\":[{\"@type\":\"WebPage\",\"@id\":\"https:\\\/\\\/www.joutsa.fi\\\/jouto\\\/markkinat\\\/\",\"url\":\"https:\\\/\\\/www.joutsa.fi\\\/jouto\\\/markkinat\\\/\",\"name\":\"MARKKINAT - Joutsan Joutop\u00e4iv\u00e4t 4.-5.7.2026\",\"isPartOf\":{\"@id\":\"https:\\\/\\\/www.joutsa.fi\\\/jouto\\\/#website\"},\"primaryImageOfPage\":{\"@id\":\"https:\\\/\\\/www.joutsa.fi\\\/jouto\\\/markkinat\\\/#primaryimage\"},\"image\":{\"@id\":\"https:\\\/\\\/www.joutsa.fi\\\/jouto\\\/markkinat\\\/#primaryimage\"},\"thumbnailUrl\":\"https:\\\/\\\/www.joutsa.fi\\\/jouto\\\/wp-content\\\/uploads\\\/2023\\\/05\\\/jp-museo-nainen-scaled.jpg\",\"datePublished\":\"2023-02-27T09:51:01+00:00\",\"dateModified\":\"2026-05-07T11:11:58+00:00\",\"description\":\"Joutop\u00e4ivien markkinat uudistuvat ja vaihtavat paikkaa Joutsan Talomuseolle. Yksip\u00e4iv\u00e4iset maalaismarkkinat lauantaina 1.7.2023 klo 10-18.\",\"breadcrumb\":{\"@id\":\"https:\\\/\\\/www.joutsa.fi\\\/jouto\\\/markkinat\\\/#breadcrumb\"},\"inLanguage\":\"fi\",\"potentialAction\":[{\"@type\":\"ReadAction\",\"target\":[\"https:\\\/\\\/www.joutsa.fi\\\/jouto\\\/markkinat\\\/\"]}]},{\"@type\":\"ImageObject\",\"inLanguage\":\"fi\",\"@id\":\"https:\\\/\\\/www.joutsa.fi\\\/jouto\\\/markkinat\\\/#primaryimage\",\"url\":\"https:\\\/\\\/www.joutsa.fi\\\/jouto\\\/wp-content\\\/uploads\\\/2023\\\/05\\\/jp-museo-nainen-scaled.jpg\",\"contentUrl\":\"https:\\\/\\\/www.joutsa.fi\\\/jouto\\\/wp-content\\\/uploads\\\/2023\\\/05\\\/jp-museo-nainen-scaled.jpg\",\"width\":2560,\"height\":1707,\"caption\":\"Joutsan Joutop\u00e4iv\u00e4t talomuseolla. Kuvassa museon milj\u00f6\u00f6t\u00e4, miss\u00e4 vaaleamekkoinen nainen k\u00e4velee vanhalle hirsitalolle p\u00e4in. Pihassa liehuu suomenlippu.\"},{\"@type\":\"BreadcrumbList\",\"@id\":\"https:\\\/\\\/www.joutsa.fi\\\/jouto\\\/markkinat\\\/#breadcrumb\",\"itemListElement\":[{\"@type\":\"ListItem\",\"position\":1,\"name\":\"Etusivu\",\"item\":\"https:\\\/\\\/www.joutsa.fi\\\/jouto\\\/\"},{\"@type\":\"ListItem\",\"position\":2,\"name\":\"MARKKINAT\"}]},{\"@type\":\"WebSite\",\"@id\":\"https:\\\/\\\/www.joutsa.fi\\\/jouto\\\/#website\",\"url\":\"https:\\\/\\\/www.joutsa.fi\\\/jouto\\\/\",\"name\":\"Joutsan Joutop\u00e4iv\u00e4t 4.-5.7.2026\",\"description\":\"Kes\u00e4isi\u00e4 kohtaamisia jo vuodesta 1972\",\"publisher\":{\"@id\":\"https:\\\/\\\/www.joutsa.fi\\\/jouto\\\/#organization\"},\"potentialAction\":[{\"@type\":\"SearchAction\",\"target\":{\"@type\":\"EntryPoint\",\"urlTemplate\":\"https:\\\/\\\/www.joutsa.fi\\\/jouto\\\/?s={search_term_string}\"},\"query-input\":{\"@type\":\"PropertyValueSpecification\",\"valueRequired\":true,\"valueName\":\"search_term_string\"}}],\"inLanguage\":\"fi\"},{\"@type\":\"Organization\",\"@id\":\"https:\\\/\\\/www.joutsa.fi\\\/jouto\\\/#organization\",\"name\":\"Joutsan Joutop\u00e4iv\u00e4t 4.-5.7.2026\",\"url\":\"https:\\\/\\\/www.joutsa.fi\\\/jouto\\\/\",\"logo\":{\"@type\":\"ImageObject\",\"inLanguage\":\"fi\",\"@id\":\"https:\\\/\\\/www.joutsa.fi\\\/jouto\\\/#\\\/schema\\\/logo\\\/image\\\/\",\"url\":\"https:\\\/\\\/www.joutsa.fi\\\/jouto\\\/wp-content\\\/uploads\\\/2023\\\/04\\\/cropped-cropped-Joutopaiva_logo_taustalla.png\",\"contentUrl\":\"https:\\\/\\\/www.joutsa.fi\\\/jouto\\\/wp-content\\\/uploads\\\/2023\\\/04\\\/cropped-cropped-Joutopaiva_logo_taustalla.png\",\"width\":512,\"height\":512,\"caption\":\"Joutsan Joutop\u00e4iv\u00e4t 4.-5.7.2026\"},\"image\":{\"@id\":\"https:\\\/\\\/www.joutsa.fi\\\/jouto\\\/#\\\/schema\\\/logo\\\/image\\\/\"},\"sameAs\":[\"https:\\\/\\\/www.facebook.com\\\/joutopaivat\",\"https:\\\/\\\/www.instagram.com\\\/joutsan_joutopaivat\\\/\"]}]}<\/script>\n<!-- \/ Yoast SEO plugin. -->","yoast_head_json":{"title":"MARKKINAT - Joutsan Joutop\u00e4iv\u00e4t 4.-5.7.2026","description":"Joutop\u00e4ivien markkinat uudistuvat ja vaihtavat paikkaa Joutsan Talomuseolle. Yksip\u00e4iv\u00e4iset maalaismarkkinat lauantaina 1.7.2023 klo 10-18.","robots":{"index":"index","follow":"follow","max-snippet":"max-snippet:-1","max-image-preview":"max-image-preview:large","max-video-preview":"max-video-preview:-1"},"canonical":"https:\/\/www.joutsa.fi\/jouto\/markkinat\/","og_locale":"fi_FI","og_type":"article","og_title":"MARKKINAT Joutsan Joutop\u00e4iv\u00e4t 4.-5.7.2026","og_description":"Joutop\u00e4ivien markkinat uudistuvat ja vaihtavat paikkaa Joutsan Talomuseolle. Yksip\u00e4iv\u00e4iset maalaismarkkinat lauantaina 1.7.2023 klo 10-18.","og_url":"https:\/\/www.joutsa.fi\/jouto\/markkinat\/","og_site_name":"Joutsan Joutop\u00e4iv\u00e4t 4.-5.7.2026","article_publisher":"https:\/\/www.facebook.com\/joutopaivat","article_modified_time":"2026-05-07T11:11:58+00:00","og_image":[{"width":2560,"height":1707,"url":"https:\/\/www.joutsa.fi\/jouto\/wp-content\/uploads\/2023\/05\/jp-museo-nainen-scaled.jpg","type":"image\/jpeg"}],"twitter_card":"summary_large_image","twitter_title":"MARKKINAT Joutsan Joutop\u00e4iv\u00e4t 4.-5.7.2026","twitter_description":"Joutop\u00e4ivien markkinat uudistuvat ja vaihtavat paikkaa Joutsan Talomuseolle. Yksip\u00e4iv\u00e4iset maalaismarkkinat lauantaina 1.7.2023 klo 10-18.","twitter_image":"https:\/\/www.joutsa.fi\/jouto\/wp-content\/uploads\/2023\/05\/maalaismarkkinat.png","twitter_misc":{"Arvioitu lukuaika":"1 minuutti"},"schema":{"@context":"https:\/\/schema.org","@graph":[{"@type":"WebPage","@id":"https:\/\/www.joutsa.fi\/jouto\/markkinat\/","url":"https:\/\/www.joutsa.fi\/jouto\/markkinat\/","name":"MARKKINAT - Joutsan Joutop\u00e4iv\u00e4t 4.-5.7.2026","isPartOf":{"@id":"https:\/\/www.joutsa.fi\/jouto\/#website"},"primaryImageOfPage":{"@id":"https:\/\/www.joutsa.fi\/jouto\/markkinat\/#primaryimage"},"image":{"@id":"https:\/\/www.joutsa.fi\/jouto\/markkinat\/#primaryimage"},"thumbnailUrl":"https:\/\/www.joutsa.fi\/jouto\/wp-content\/uploads\/2023\/05\/jp-museo-nainen-scaled.jpg","datePublished":"2023-02-27T09:51:01+00:00","dateModified":"2026-05-07T11:11:58+00:00","description":"Joutop\u00e4ivien markkinat uudistuvat ja vaihtavat paikkaa Joutsan Talomuseolle. Yksip\u00e4iv\u00e4iset maalaismarkkinat lauantaina 1.7.2023 klo 10-18.","breadcrumb":{"@id":"https:\/\/www.joutsa.fi\/jouto\/markkinat\/#breadcrumb"},"inLanguage":"fi","potentialAction":[{"@type":"ReadAction","target":["https:\/\/www.joutsa.fi\/jouto\/markkinat\/"]}]},{"@type":"ImageObject","inLanguage":"fi","@id":"https:\/\/www.joutsa.fi\/jouto\/markkinat\/#primaryimage","url":"https:\/\/www.joutsa.fi\/jouto\/wp-content\/uploads\/2023\/05\/jp-museo-nainen-scaled.jpg","contentUrl":"https:\/\/www.joutsa.fi\/jouto\/wp-content\/uploads\/2023\/05\/jp-museo-nainen-scaled.jpg","width":2560,"height":1707,"caption":"Joutsan Joutop\u00e4iv\u00e4t talomuseolla. Kuvassa museon milj\u00f6\u00f6t\u00e4, miss\u00e4 vaaleamekkoinen nainen k\u00e4velee vanhalle hirsitalolle p\u00e4in. Pihassa liehuu suomenlippu."},{"@type":"BreadcrumbList","@id":"https:\/\/www.joutsa.fi\/jouto\/markkinat\/#breadcrumb","itemListElement":[{"@type":"ListItem","position":1,"name":"Etusivu","item":"https:\/\/www.joutsa.fi\/jouto\/"},{"@type":"ListItem","position":2,"name":"MARKKINAT"}]},{"@type":"WebSite","@id":"https:\/\/www.joutsa.fi\/jouto\/#website","url":"https:\/\/www.joutsa.fi\/jouto\/","name":"Joutsan Joutop\u00e4iv\u00e4t 4.-5.7.2026","description":"Kes\u00e4isi\u00e4 kohtaamisia jo vuodesta 1972","publisher":{"@id":"https:\/\/www.joutsa.fi\/jouto\/#organization"},"potentialAction":[{"@type":"SearchAction","target":{"@type":"EntryPoint","urlTemplate":"https:\/\/www.joutsa.fi\/jouto\/?s={search_term_string}"},"query-input":{"@type":"PropertyValueSpecification","valueRequired":true,"valueName":"search_term_string"}}],"inLanguage":"fi"},{"@type":"Organization","@id":"https:\/\/www.joutsa.fi\/jouto\/#organization","name":"Joutsan Joutop\u00e4iv\u00e4t 4.-5.7.2026","url":"https:\/\/www.joutsa.fi\/jouto\/","logo":{"@type":"ImageObject","inLanguage":"fi","@id":"https:\/\/www.joutsa.fi\/jouto\/#\/schema\/logo\/image\/","url":"https:\/\/www.joutsa.fi\/jouto\/wp-content\/uploads\/2023\/04\/cropped-cropped-Joutopaiva_logo_taustalla.png","contentUrl":"https:\/\/www.joutsa.fi\/jouto\/wp-content\/uploads\/2023\/04\/cropped-cropped-Joutopaiva_logo_taustalla.png","width":512,"height":512,"caption":"Joutsan Joutop\u00e4iv\u00e4t 4.-5.7.2026"},"image":{"@id":"https:\/\/www.joutsa.fi\/jouto\/#\/schema\/logo\/image\/"},"sameAs":["https:\/\/www.facebook.com\/joutopaivat","https:\/\/www.instagram.com\/joutsan_joutopaivat\/"]}]}},"_links":{"self":[{"href":"https:\/\/www.joutsa.fi\/jouto\/wp-json\/wp\/v2\/pages\/1274","targetHints":{"allow":["GET"]}}],"collection":[{"href":"https:\/\/www.joutsa.fi\/jouto\/wp-json\/wp\/v2\/pages"}],"about":[{"href":"https:\/\/www.joutsa.fi\/jouto\/wp-json\/wp\/v2\/types\/page"}],"author":[{"embeddable":true,"href":"https:\/\/www.joutsa.fi\/jouto\/wp-json\/wp\/v2\/users\/3"}],"replies":[{"embeddable":true,"href":"https:\/\/www.joutsa.fi\/jouto\/wp-json\/wp\/v2\/comments?post=1274"}],"version-history":[{"count":162,"href":"https:\/\/www.joutsa.fi\/jouto\/wp-json\/wp\/v2\/pages\/1274\/revisions"}],"predecessor-version":[{"id":3598,"href":"https:\/\/www.joutsa.fi\/jouto\/wp-json\/wp\/v2\/pages\/1274\/revisions\/3598"}],"wp:featuredmedia":[{"embeddable":true,"href":"https:\/\/www.joutsa.fi\/jouto\/wp-json\/wp\/v2\/media\/2309"}],"wp:attachment":[{"href":"https:\/\/www.joutsa.fi\/jouto\/wp-json\/wp\/v2\/media?parent=1274"}],"curies":[{"name":"wp","href":"https:\/\/api.w.org\/{rel}","templated":true}]}}