{"id":3548,"date":"2025-06-30T14:00:31","date_gmt":"2025-06-30T11:00:31","guid":{"rendered":"https:\/\/www.joutsa.fi\/jouto\/?page_id=3548"},"modified":"2025-06-30T14:11:48","modified_gmt":"2025-06-30T11:11:48","slug":"joutoaika","status":"publish","type":"page","link":"https:\/\/www.joutsa.fi\/jouto\/joutoaika\/","title":{"rendered":"JOUTOAIKA"},"content":{"rendered":"\t\t<div data-elementor-type=\"wp-page\" data-elementor-id=\"3548\" class=\"elementor elementor-3548\">\n\t\t\t\t\t\t<section class=\"elementor-section elementor-top-section elementor-element elementor-element-862fdde elementor-section-boxed elementor-section-height-default elementor-section-height-default wpr-particle-no wpr-jarallax-no wpr-parallax-no wpr-sticky-section-no wpr-column-slider-no wpr-equal-height-no\" data-id=\"862fdde\" data-element_type=\"section\" data-e-type=\"section\">\n\t\t\t\t\t\t<div class=\"elementor-container elementor-column-gap-default\">\n\t\t\t\t\t<div class=\"elementor-column elementor-col-100 elementor-top-column elementor-element elementor-element-d26354d\" data-id=\"d26354d\" data-element_type=\"column\" data-e-type=\"column\">\n\t\t\t<div class=\"elementor-widget-wrap elementor-element-populated\">\n\t\t\t\t\t\t<div class=\"elementor-element elementor-element-defdfe3 elementor-widget elementor-widget-text-editor\" data-id=\"defdfe3\" data-element_type=\"widget\" data-e-type=\"widget\" data-widget_type=\"text-editor.default\">\n\t\t\t\t<div class=\"elementor-widget-container\">\n\t\t\t\t\t\t\t\t\t<p>Joutop\u00e4ivien aikaan Joutsassa j\u00e4rjestet\u00e4\u00e4n my\u00f6s paljon muita mielenkiintoisia tapahtumia. Joutop\u00e4ivi\u00e4 edelt\u00e4v\u00e4n ja Joutop\u00e4ivien j\u00e4lkeisen viikon tapahtumia on koottu alle. Lis\u00e4\u00e4 tapahtumia l\u00f6yd\u00e4t osoitteesta <a href=\"https:\/\/www.joutsa.fi\/tapahtumat\/\">joutsa.fi\/tapahtumat.<\/a><\/p>\t\t\t\t\t\t\t\t<\/div>\n\t\t\t\t<\/div>\n\t\t\t\t\t<\/div>\n\t\t<\/div>\n\t\t\t\t\t<\/div>\n\t\t<\/section>\n\t\t\t\t<section class=\"elementor-section elementor-top-section elementor-element elementor-element-5967f2b elementor-section-boxed elementor-section-height-default elementor-section-height-default wpr-particle-no wpr-jarallax-no wpr-parallax-no wpr-sticky-section-no wpr-column-slider-no wpr-equal-height-no\" data-id=\"5967f2b\" data-element_type=\"section\" data-e-type=\"section\">\n\t\t\t\t\t\t<div class=\"elementor-container elementor-column-gap-default\">\n\t\t\t\t\t<div class=\"elementor-column elementor-col-100 elementor-top-column elementor-element elementor-element-67b0baa\" data-id=\"67b0baa\" data-element_type=\"column\" data-e-type=\"column\">\n\t\t\t<div class=\"elementor-widget-wrap elementor-element-populated\">\n\t\t\t\t\t\t<section class=\"elementor-section elementor-inner-section elementor-element elementor-element-5c17da4 elementor-section-boxed elementor-section-height-default elementor-section-height-default wpr-particle-no wpr-jarallax-no wpr-parallax-no wpr-sticky-section-no wpr-column-slider-no wpr-equal-height-no\" data-id=\"5c17da4\" data-element_type=\"section\" data-e-type=\"section\">\n\t\t\t\t\t\t<div class=\"elementor-container elementor-column-gap-default\">\n\t\t\t\t\t<div class=\"elementor-column elementor-col-50 elementor-inner-column elementor-element elementor-element-a959e7d\" data-id=\"a959e7d\" data-element_type=\"column\" data-e-type=\"column\">\n\t\t\t<div class=\"elementor-widget-wrap elementor-element-populated\">\n\t\t\t\t\t\t<div class=\"elementor-element elementor-element-949f468 elementor-widget elementor-widget-text-editor\" data-id=\"949f468\" data-element_type=\"widget\" data-e-type=\"widget\" data-widget_type=\"text-editor.default\">\n\t\t\t\t<div class=\"elementor-widget-container\">\n\t\t\t\t\t\t\t\t\t<p><strong>2.7. KLO 17-19 TREENIP\u00c4IV\u00c4 POP-UP<\/strong><br \/>Joutsan tekonurmi, Tahto Works Wellness<\/p><p><strong>3.7. KLO 18 VAPAA-AJAN ASUKKAIDEN ILTA<\/strong><br \/>Letkaliiteri, Koskelantie 56, Rutalahti<\/p><p><strong>3.7.2025 klo 12-16 Hypoteekin hoitolan pop-up<\/strong><br \/>Hypoteekin talo, Jousitie 43, www.booksalon.fi\/ihanelma<\/p><p><strong>8.7 KLO 14 ja 16 AVOIMET PIHAT KOTIKALLIOSSA<\/strong><br \/>Kotikalliontie 36, Joutsa<\/p><p><strong>9.7. KLO 15-18 POP UP -RUOKATAPAHTUMAP\u00c4IV\u00c4<\/strong><br \/>Taidelaitos Haihatus, Jousitie 68-70, haihatus.fi<\/p><p><strong>9.7 KLO 18 TALKOOTEATTERI: TAIVAANPORTIN ETSIV\u00c4TOIMISTO<\/strong><br \/>Joutsan Nuorisoseurantalo, Jousitie 27, Joutsa<\/p><p><strong>10.7. PERINNEPIKINIK, ELINA PYLSY-KOMPPA ALUSTAA<\/strong><br \/>www.joutsa.fi\/kirjasto<\/p><p><strong>11.7. KLO 19 TALKOOTEATTERI: TAIVAANPORTIN ETSIV\u00c4TOIMISTO<\/strong><br \/>Joutsan Nuorisoseurantalo, Jousitie 27, Joutsa<\/p><p><strong>12.7. RUTALAHDEN ROMPEP\u00c4IV\u00c4 JA VILTTIKIRPPIS<\/strong><br \/>Letkaliiteri, Koskelantie 56, Rutalahti, www.rutalahti.fi<\/p><p><strong>12.7. KLO 15 TUUKKALAN TEMPAUKSEN HARRASTAJATEATTERI: <\/strong><br \/><strong>KES\u00c4ILOITTELU: VOIHAN EL\u00c4M\u00c4N KEV\u00c4T<\/strong><br \/>Maapirtti, Marjotaipaleentie 972, Joutsa, www.maapirtti.fi<\/p><p>\u00a0<\/p>\t\t\t\t\t\t\t\t<\/div>\n\t\t\t\t<\/div>\n\t\t\t\t\t<\/div>\n\t\t<\/div>\n\t\t\t\t<div class=\"elementor-column elementor-col-50 elementor-inner-column elementor-element elementor-element-92b79be\" data-id=\"92b79be\" data-element_type=\"column\" data-e-type=\"column\">\n\t\t\t<div class=\"elementor-widget-wrap elementor-element-populated\">\n\t\t\t\t\t\t<div class=\"elementor-element elementor-element-b1c2de3 elementor-widget elementor-widget-text-editor\" data-id=\"b1c2de3\" data-element_type=\"widget\" data-e-type=\"widget\" data-widget_type=\"text-editor.default\">\n\t\t\t\t<div class=\"elementor-widget-container\">\n\t\t\t\t\t\t\t\t\t<p><strong>2.7. SEMINAARINM\u00c4EN NUKKETEATTERIFESTIVAALI<\/strong><br \/>Taidelaitos Haihatus, Jousitie 68-70, haihatus.fi<\/p><p><strong>12.7. KLO 19 SUONTEEN SOITTO: HANNU-PEKKA BJ\u00d6RKMAN<\/strong><br \/><strong>JA JUKKA PERKO &amp; AVARA: KAHDEN VALON V\u00c4LISS\u00c4<\/strong><br \/>Caf\u00e9 Meijerinliiteri, Kangasniementie 1052, Joutsa<br \/>www.cafemeijerinliiteri.fi<\/p><p><strong>13.7. KLO 12 LASTEN PUUHAP\u00c4IV\u00c4<\/strong><br \/>Letkaliiteri, Koskelantie 56, Rutalahti, www.rutalahti.fi<\/p><p><strong>13.7. KLO 14 TALKOOTEATTERI: TAIVAANPORTIN ETSIV\u00c4TOIMISTO<\/strong><br \/>Joutsan Nuorisoseurantalo, Jousitie 27, Joutsa<\/p><p><strong>10.7. RENTOUTUSHIERONTA KAHDELLE<\/strong><br \/>Hypoteekin talo, Jousitie 43, ajanvarauksella, <br \/>www.booksalon.fi\/ihanelma<\/p><p><strong>24.6.- 30.7.2025, TAIDESEURAN KES\u00c4N\u00c4YTTELY<\/strong><br \/>Taitokeskus Joutsa, Jousitie 38<\/p><p><strong>Muista my\u00f6s kes\u00e4n\u00e4yttelyt Haihatuksessa, Kitagalleriassa ja <\/strong><br \/><strong>Cafe Meijerinliiterill\u00e4!<\/strong> <\/p>\t\t\t\t\t\t\t\t<\/div>\n\t\t\t\t<\/div>\n\t\t\t\t\t<\/div>\n\t\t<\/div>\n\t\t\t\t\t<\/div>\n\t\t<\/section>\n\t\t\t\t\t<\/div>\n\t\t<\/div>\n\t\t\t\t\t<\/div>\n\t\t<\/section>\n\t\t\t\t<\/div>\n\t\t","protected":false},"excerpt":{"rendered":"<p>Joutop\u00e4ivien aikaan Joutsassa j\u00e4rjestet\u00e4\u00e4n my\u00f6s paljon muita mielenkiintoisia tapahtumia. Joutop\u00e4ivi\u00e4 edelt\u00e4v\u00e4n ja Joutop\u00e4ivien j\u00e4lkeisen viikon tapahtumia on koottu alle. Lis\u00e4\u00e4 tapahtumia l\u00f6yd\u00e4t osoitteesta joutsa.fi\/tapahtumat. 2.7. &hellip;<\/p>\n","protected":false},"author":3,"featured_media":0,"parent":0,"menu_order":0,"comment_status":"closed","ping_status":"closed","template":"","meta":{"footnotes":""},"class_list":["post-3548","page","type-page","status-publish","hentry"],"yoast_head":"<!-- This site is optimized with the Yoast SEO plugin v27.5 - https:\/\/yoast.com\/product\/yoast-seo-wordpress\/ -->\n<title>JOUTOAIKA - Joutsan Joutop\u00e4iv\u00e4t 4.-5.7.2026<\/title>\n<meta name=\"robots\" content=\"index, follow, max-snippet:-1, max-image-preview:large, max-video-preview:-1\" \/>\n<link rel=\"canonical\" href=\"https:\/\/www.joutsa.fi\/jouto\/joutoaika\/\" \/>\n<meta property=\"og:locale\" content=\"fi_FI\" \/>\n<meta property=\"og:type\" content=\"article\" \/>\n<meta property=\"og:title\" content=\"JOUTOAIKA - Joutsan Joutop\u00e4iv\u00e4t 4.-5.7.2026\" \/>\n<meta property=\"og:description\" content=\"Joutop\u00e4ivien aikaan Joutsassa j\u00e4rjestet\u00e4\u00e4n my\u00f6s paljon muita mielenkiintoisia tapahtumia. Joutop\u00e4ivi\u00e4 edelt\u00e4v\u00e4n ja Joutop\u00e4ivien j\u00e4lkeisen viikon tapahtumia on koottu alle. Lis\u00e4\u00e4 tapahtumia l\u00f6yd\u00e4t osoitteesta joutsa.fi\/tapahtumat. 2.7. &hellip;\" \/>\n<meta property=\"og:url\" content=\"https:\/\/www.joutsa.fi\/jouto\/joutoaika\/\" \/>\n<meta property=\"og:site_name\" content=\"Joutsan Joutop\u00e4iv\u00e4t 4.-5.7.2026\" \/>\n<meta property=\"article:publisher\" content=\"https:\/\/www.facebook.com\/joutopaivat\" \/>\n<meta property=\"article:modified_time\" content=\"2025-06-30T11:11:48+00:00\" \/>\n<meta name=\"twitter:card\" content=\"summary_large_image\" \/>\n<meta name=\"twitter:label1\" content=\"Arvioitu lukuaika\" \/>\n\t<meta name=\"twitter:data1\" content=\"2 minuuttia\" \/>\n<script type=\"application\/ld+json\" class=\"yoast-schema-graph\">{\"@context\":\"https:\\\/\\\/schema.org\",\"@graph\":[{\"@type\":\"WebPage\",\"@id\":\"https:\\\/\\\/www.joutsa.fi\\\/jouto\\\/joutoaika\\\/\",\"url\":\"https:\\\/\\\/www.joutsa.fi\\\/jouto\\\/joutoaika\\\/\",\"name\":\"JOUTOAIKA - Joutsan Joutop\u00e4iv\u00e4t 4.-5.7.2026\",\"isPartOf\":{\"@id\":\"https:\\\/\\\/www.joutsa.fi\\\/jouto\\\/#website\"},\"datePublished\":\"2025-06-30T11:00:31+00:00\",\"dateModified\":\"2025-06-30T11:11:48+00:00\",\"breadcrumb\":{\"@id\":\"https:\\\/\\\/www.joutsa.fi\\\/jouto\\\/joutoaika\\\/#breadcrumb\"},\"inLanguage\":\"fi\",\"potentialAction\":[{\"@type\":\"ReadAction\",\"target\":[\"https:\\\/\\\/www.joutsa.fi\\\/jouto\\\/joutoaika\\\/\"]}]},{\"@type\":\"BreadcrumbList\",\"@id\":\"https:\\\/\\\/www.joutsa.fi\\\/jouto\\\/joutoaika\\\/#breadcrumb\",\"itemListElement\":[{\"@type\":\"ListItem\",\"position\":1,\"name\":\"Etusivu\",\"item\":\"https:\\\/\\\/www.joutsa.fi\\\/jouto\\\/\"},{\"@type\":\"ListItem\",\"position\":2,\"name\":\"JOUTOAIKA\"}]},{\"@type\":\"WebSite\",\"@id\":\"https:\\\/\\\/www.joutsa.fi\\\/jouto\\\/#website\",\"url\":\"https:\\\/\\\/www.joutsa.fi\\\/jouto\\\/\",\"name\":\"Joutsan Joutop\u00e4iv\u00e4t 4.-5.7.2026\",\"description\":\"Kes\u00e4isi\u00e4 kohtaamisia jo vuodesta 1972\",\"publisher\":{\"@id\":\"https:\\\/\\\/www.joutsa.fi\\\/jouto\\\/#organization\"},\"potentialAction\":[{\"@type\":\"SearchAction\",\"target\":{\"@type\":\"EntryPoint\",\"urlTemplate\":\"https:\\\/\\\/www.joutsa.fi\\\/jouto\\\/?s={search_term_string}\"},\"query-input\":{\"@type\":\"PropertyValueSpecification\",\"valueRequired\":true,\"valueName\":\"search_term_string\"}}],\"inLanguage\":\"fi\"},{\"@type\":\"Organization\",\"@id\":\"https:\\\/\\\/www.joutsa.fi\\\/jouto\\\/#organization\",\"name\":\"Joutsan Joutop\u00e4iv\u00e4t 4.-5.7.2026\",\"url\":\"https:\\\/\\\/www.joutsa.fi\\\/jouto\\\/\",\"logo\":{\"@type\":\"ImageObject\",\"inLanguage\":\"fi\",\"@id\":\"https:\\\/\\\/www.joutsa.fi\\\/jouto\\\/#\\\/schema\\\/logo\\\/image\\\/\",\"url\":\"https:\\\/\\\/www.joutsa.fi\\\/jouto\\\/wp-content\\\/uploads\\\/2023\\\/04\\\/cropped-cropped-Joutopaiva_logo_taustalla.png\",\"contentUrl\":\"https:\\\/\\\/www.joutsa.fi\\\/jouto\\\/wp-content\\\/uploads\\\/2023\\\/04\\\/cropped-cropped-Joutopaiva_logo_taustalla.png\",\"width\":512,\"height\":512,\"caption\":\"Joutsan Joutop\u00e4iv\u00e4t 4.-5.7.2026\"},\"image\":{\"@id\":\"https:\\\/\\\/www.joutsa.fi\\\/jouto\\\/#\\\/schema\\\/logo\\\/image\\\/\"},\"sameAs\":[\"https:\\\/\\\/www.facebook.com\\\/joutopaivat\",\"https:\\\/\\\/www.instagram.com\\\/joutsan_joutopaivat\\\/\"]}]}<\/script>\n<!-- \/ Yoast SEO plugin. -->","yoast_head_json":{"title":"JOUTOAIKA - Joutsan Joutop\u00e4iv\u00e4t 4.-5.7.2026","robots":{"index":"index","follow":"follow","max-snippet":"max-snippet:-1","max-image-preview":"max-image-preview:large","max-video-preview":"max-video-preview:-1"},"canonical":"https:\/\/www.joutsa.fi\/jouto\/joutoaika\/","og_locale":"fi_FI","og_type":"article","og_title":"JOUTOAIKA - Joutsan Joutop\u00e4iv\u00e4t 4.-5.7.2026","og_description":"Joutop\u00e4ivien aikaan Joutsassa j\u00e4rjestet\u00e4\u00e4n my\u00f6s paljon muita mielenkiintoisia tapahtumia. Joutop\u00e4ivi\u00e4 edelt\u00e4v\u00e4n ja Joutop\u00e4ivien j\u00e4lkeisen viikon tapahtumia on koottu alle. Lis\u00e4\u00e4 tapahtumia l\u00f6yd\u00e4t osoitteesta joutsa.fi\/tapahtumat. 2.7. &hellip;","og_url":"https:\/\/www.joutsa.fi\/jouto\/joutoaika\/","og_site_name":"Joutsan Joutop\u00e4iv\u00e4t 4.-5.7.2026","article_publisher":"https:\/\/www.facebook.com\/joutopaivat","article_modified_time":"2025-06-30T11:11:48+00:00","twitter_card":"summary_large_image","twitter_misc":{"Arvioitu lukuaika":"2 minuuttia"},"schema":{"@context":"https:\/\/schema.org","@graph":[{"@type":"WebPage","@id":"https:\/\/www.joutsa.fi\/jouto\/joutoaika\/","url":"https:\/\/www.joutsa.fi\/jouto\/joutoaika\/","name":"JOUTOAIKA - Joutsan Joutop\u00e4iv\u00e4t 4.-5.7.2026","isPartOf":{"@id":"https:\/\/www.joutsa.fi\/jouto\/#website"},"datePublished":"2025-06-30T11:00:31+00:00","dateModified":"2025-06-30T11:11:48+00:00","breadcrumb":{"@id":"https:\/\/www.joutsa.fi\/jouto\/joutoaika\/#breadcrumb"},"inLanguage":"fi","potentialAction":[{"@type":"ReadAction","target":["https:\/\/www.joutsa.fi\/jouto\/joutoaika\/"]}]},{"@type":"BreadcrumbList","@id":"https:\/\/www.joutsa.fi\/jouto\/joutoaika\/#breadcrumb","itemListElement":[{"@type":"ListItem","position":1,"name":"Etusivu","item":"https:\/\/www.joutsa.fi\/jouto\/"},{"@type":"ListItem","position":2,"name":"JOUTOAIKA"}]},{"@type":"WebSite","@id":"https:\/\/www.joutsa.fi\/jouto\/#website","url":"https:\/\/www.joutsa.fi\/jouto\/","name":"Joutsan Joutop\u00e4iv\u00e4t 4.-5.7.2026","description":"Kes\u00e4isi\u00e4 kohtaamisia jo vuodesta 1972","publisher":{"@id":"https:\/\/www.joutsa.fi\/jouto\/#organization"},"potentialAction":[{"@type":"SearchAction","target":{"@type":"EntryPoint","urlTemplate":"https:\/\/www.joutsa.fi\/jouto\/?s={search_term_string}"},"query-input":{"@type":"PropertyValueSpecification","valueRequired":true,"valueName":"search_term_string"}}],"inLanguage":"fi"},{"@type":"Organization","@id":"https:\/\/www.joutsa.fi\/jouto\/#organization","name":"Joutsan Joutop\u00e4iv\u00e4t 4.-5.7.2026","url":"https:\/\/www.joutsa.fi\/jouto\/","logo":{"@type":"ImageObject","inLanguage":"fi","@id":"https:\/\/www.joutsa.fi\/jouto\/#\/schema\/logo\/image\/","url":"https:\/\/www.joutsa.fi\/jouto\/wp-content\/uploads\/2023\/04\/cropped-cropped-Joutopaiva_logo_taustalla.png","contentUrl":"https:\/\/www.joutsa.fi\/jouto\/wp-content\/uploads\/2023\/04\/cropped-cropped-Joutopaiva_logo_taustalla.png","width":512,"height":512,"caption":"Joutsan Joutop\u00e4iv\u00e4t 4.-5.7.2026"},"image":{"@id":"https:\/\/www.joutsa.fi\/jouto\/#\/schema\/logo\/image\/"},"sameAs":["https:\/\/www.facebook.com\/joutopaivat","https:\/\/www.instagram.com\/joutsan_joutopaivat\/"]}]}},"_links":{"self":[{"href":"https:\/\/www.joutsa.fi\/jouto\/wp-json\/wp\/v2\/pages\/3548","targetHints":{"allow":["GET"]}}],"collection":[{"href":"https:\/\/www.joutsa.fi\/jouto\/wp-json\/wp\/v2\/pages"}],"about":[{"href":"https:\/\/www.joutsa.fi\/jouto\/wp-json\/wp\/v2\/types\/page"}],"author":[{"embeddable":true,"href":"https:\/\/www.joutsa.fi\/jouto\/wp-json\/wp\/v2\/users\/3"}],"replies":[{"embeddable":true,"href":"https:\/\/www.joutsa.fi\/jouto\/wp-json\/wp\/v2\/comments?post=3548"}],"version-history":[{"count":5,"href":"https:\/\/www.joutsa.fi\/jouto\/wp-json\/wp\/v2\/pages\/3548\/revisions"}],"predecessor-version":[{"id":3555,"href":"https:\/\/www.joutsa.fi\/jouto\/wp-json\/wp\/v2\/pages\/3548\/revisions\/3555"}],"wp:attachment":[{"href":"https:\/\/www.joutsa.fi\/jouto\/wp-json\/wp\/v2\/media?parent=3548"}],"curies":[{"name":"wp","href":"https:\/\/api.w.org\/{rel}","templated":true}]}}