{"id":837,"date":"2017-05-15T08:19:48","date_gmt":"2017-05-15T05:19:48","guid":{"rendered":"https:\/\/www.joutsa.fi\/nuoli\/?page_id=837"},"modified":"2024-07-02T14:06:27","modified_gmt":"2024-07-02T11:06:27","slug":"ostokset","status":"publish","type":"page","link":"https:\/\/www.joutsa.fi\/visitjoutsa\/ostokset\/","title":{"rendered":"Ostokset"},"content":{"rendered":"<div class=\"wpb-content-wrapper\">\n<div  data-mk-full-width=\"true\" data-mk-full-width-init=\"false\" data-mk-stretch-content=\"true\" class=\"wpb_row vc_row vc_row-fluid jupiter-donut- mk-fullwidth-true  attched-false     js-master-row  mk-full-content-true\">\n\t\t\t\t\n<div class=\"vc_col-sm-12 wpb_column column_container  jupiter-donut- _ jupiter-donut-height-full\">\n\t\n\t\t\t<!-- START yrittajienjoutsa REVOLUTION SLIDER 6.7.14 --><p class=\"rs-p-wp-fix\"><\/p>\n\t\t\t<rs-module-wrap id=\"rev_slider_7_1_wrapper\" data-source=\"gallery\" style=\"visibility:hidden;background:transparent;padding:0;margin:0px auto;margin-top:0;margin-bottom:0;\">\n\t\t\t\t<rs-module id=\"rev_slider_7_1\" style=\"\" data-version=\"6.7.14\">\n\t\t\t\t\t<rs-slides style=\"overflow: hidden; position: absolute;\">\n\t\t\t\t\t\t<rs-slide style=\"position: absolute;\" data-key=\"rs-33\" data-title=\"Slide\" data-anim=\"adpr:false;\" data-in=\"o:0;\" data-out=\"a:false;\">\n\t\t\t\t\t\t\t<img decoding=\"async\" src=\"\/\/www.joutsa.fi\/visitjoutsa\/wp-content\/plugins\/revslider\/sr6\/assets\/assets\/dummy.png\" alt=\"\" title=\"DCIM100MEDIADJI_0026.JPG\" width=\"2560\" height=\"1154\" class=\"rev-slidebg tp-rs-img rs-lazyload\" data-lazyload=\"\/\/www.joutsa.fi\/visitjoutsa\/wp-content\/uploads\/2024\/03\/kuntamarkkinointi-ilmakuva-3-scaled.jpg\" data-bg=\"p:right top;\" data-no-retina>\n<!--\n\t\t\t\t\t\t\t--><h1\n\t\t\t\t\t\t\t\tid=\"slider-7-slide-33-layer-1\" \n\t\t\t\t\t\t\t\tclass=\"rs-layer\"\n\t\t\t\t\t\t\t\tdata-type=\"text\"\n\t\t\t\t\t\t\t\tdata-rsp_ch=\"on\"\n\t\t\t\t\t\t\t\tdata-xy=\"x:c;xo:-9px,-6px,-4px,-2px;yo:267px,195px,148px,91px;\"\n\t\t\t\t\t\t\t\tdata-text=\"w:normal;s:100,73,55,33;l:25,18,13,8;fw:800;\"\n\t\t\t\t\t\t\t\tdata-frame_999=\"o:0;st:w;\"\n\t\t\t\t\t\t\t\tstyle=\"z-index:5;font-family:'Open Sans';\"\n\t\t\t\t\t\t\t>OSTOKSET \n\t\t\t\t\t\t\t<\/h1><!--\n-->\t\t\t\t\t<\/rs-slide>\n\t\t\t\t\t<\/rs-slides>\n\t\t\t\t<\/rs-module>\n\t\t\t\t<script>\n\t\t\t\t\tsetREVStartSize({c: 'rev_slider_7_1',rl:[1240,1024,778,480],el:[520,400,400,400],gw:[1400,1024,778,480],gh:[520,400,400,400],type:'standard',justify:'',layout:'fullwidth',mh:\"0\"});if (window.RS_MODULES!==undefined && window.RS_MODULES.modules!==undefined && window.RS_MODULES.modules[\"revslider71\"]!==undefined) {window.RS_MODULES.modules[\"revslider71\"].once = false;window.revapi7 = undefined;if (window.RS_MODULES.checkMinimal!==undefined) window.RS_MODULES.checkMinimal()}\n\t\t\t\t<\/script>\n\t\t\t<\/rs-module-wrap>\n\t\t\t<!-- END REVOLUTION SLIDER -->\n<\/div>\n\t<\/div>\n<div class=\"vc_row-full-width vc_clearfix\"><\/div>\n<div  data-mk-stretch-content=\"true\" class=\"wpb_row vc_row vc_row-fluid jupiter-donut- mk-fullwidth-false  attched-false     js-master-row  mk-grid\">\n\t\t\t\t\n<div class=\"vc_col-sm-12 wpb_column column_container  jupiter-donut- _ jupiter-donut-height-full\">\n\t\n<div id=\"padding-3\" class=\"mk-padding-divider jupiter-donut-  jupiter-donut-clearfix\"><\/div>\n\n\n\n<div class=\"wpb_row vc_inner vc_row vc_row-fluid jupiter-donut-   attched-false   \">\n\t\t\t<div class=\"wpb_column vc_column_container vc_col-sm-12\"><div class=\"vc_column-inner\"><div class=\"wpb_wrapper\"><\/div><\/div><\/div>\t<\/div>\n\n<h3  id=\"mk-title-box-4\" class=\"mk-title-box jupiter-donut-clearfix  jupiter-donut-\">\n\t<span>\n<div class=\"wpb_row vc_inner vc_row vc_row-fluid jupiter-donut- attched-false \">\n<div class=\"wpb_column vc_column_container vc_col-sm-12\">\n<div class=\"vc_column-inner\">\n<div class=\"wpb_wrapper\">\n<div class=\" vc_custom_1715101128600\">\n<div id=\"text-block-5\" class=\"mk-text-block jupiter-donut- \">\n<p style=\"text-align: center;\">Joutsa on n\u00e4pp\u00e4r\u00e4 paikka ostosten tekoon, olet sitten ohikulkumatkalla tai l\u00e4hitienoilla pidemm\u00e4ll\u00e4 visiitill\u00e4. Noin puolimaratoninmittaisella Nelostien p\u00e4tk\u00e4ll\u00e4 Joutsan Oravakivest\u00e4 Leivonm\u00e4keen l\u00f6yd\u00e4t liki kaiken tarpeellisen p\u00e4ivitt\u00e4istavaroista huonekaluihin ja kukkakaupoista pankkipalveluihin. Jos olet ajanut yht\u00e4 kyyti\u00e4 p\u00e4\u00e4kaupunkiseudulta, n\u00e4ill\u00e4 kohdin on jo ehdottomasti Joutsaisan pys\u00e4hdyksen paikka! Sujuvaa ja mukavaa \u2013 koko perheelle! Joutsan keskustan kattavaan palvelutarjontaan kuuluvat mm. hyvist\u00e4 valikoimistaan tunnetut K-supermarket, S-Market ja Tokmanni, my\u00f6s apteekki ja Alko ovat k\u00e4tev\u00e4sti vieress\u00e4.<\/p>\n<div class=\"clearboth\" style=\"text-align: center;\"><\/div>\n<\/div>\n<\/div>\n<\/div>\n<\/div>\n<\/div>\n<\/div>\n<h3 id=\"mk-title-box-6\" class=\"mk-title-box jupiter-donut-clearfix jupiter-donut-\"><\/h3>\n<\/span>\n<\/h3>\n\n\n<div id=\"padding-5\" class=\"mk-padding-divider jupiter-donut-  jupiter-donut-clearfix\"><\/div>\n\n\n<div id=\"mk-button-6\" class=\"mk-button-container _ jupiter-donut-relative    jupiter-donut-block jupiter-donut-text-center \">\n\n\t\n\t\t<a href=\"https:\/\/www.joutsa.fi\/elinkeinot-ja-yrittajyys\/yrityshakemisto\/\" target=\"_self\" class=\"mk-button js-smooth-scroll mk-button--dimension-three mk-button--size-large mk-button--corner-pointed text-color-light _ jupiter-donut-relative jupiter-donut-text-center jupiter-donut-font-weight-700 jupiter-donut-no-backface  jupiter-donut-letter-spacing-2 jupiter-donut-inline-block\"><span class=\"mk-button--text\">Ostospaikat yrityshakemistossa &gt;&gt;<\/span><\/a>\n\n\t\n<\/div>\n<\/div>\n\t<\/div>\n\n<div  data-mk-full-width=\"true\" data-mk-full-width-init=\"false\" data-mk-stretch-content=\"true\" class=\"wpb_row vc_row vc_row-fluid jupiter-donut- mk-fullwidth-true  attched-false     js-master-row  mk-full-content-true\">\n\t\t\t\t\n<div class=\"vc_col-sm-12 wpb_column column_container  jupiter-donut- _ jupiter-donut-height-full\">\n\t\n<div id=\"padding-8\" class=\"mk-padding-divider jupiter-donut-  jupiter-donut-clearfix\"><\/div>\n\n<\/div>\n\t<\/div>\n<div class=\"vc_row-full-width vc_clearfix\"><\/div>\n<div  data-mk-stretch-content=\"true\" class=\"wpb_row vc_row vc_row-fluid jupiter-donut- mk-fullwidth-false  attched-false     js-master-row  mk-grid\">\n\t\t\t\t\n<div class=\"vc_col-sm-12 wpb_column column_container  jupiter-donut- _ jupiter-donut-height-full\">\n\t<\/div>\n\n<div class=\"vc_col-sm-12 wpb_column column_container  jupiter-donut- _ jupiter-donut-height-full\">\n\t\n<div id=\"padding-11\" class=\"mk-padding-divider jupiter-donut-  jupiter-donut-clearfix\"><\/div>\n\n<\/div>\n\t<\/div>\n\n<div  data-mk-full-width=\"true\" data-mk-full-width-init=\"false\" data-mk-stretch-content=\"true\" class=\"wpb_row vc_row vc_row-fluid jupiter-donut- mk-fullwidth-true  attched-false     js-master-row  mk-full-content-true\">\n\t\t\t\t\n<div class=\"vc_col-sm-12 wpb_column column_container  jupiter-donut- _ jupiter-donut-height-full\">\n\t\n\t\t\t<!-- START viihtyisajoutsasubslider REVOLUTION SLIDER 6.7.14 --><p class=\"rs-p-wp-fix\"><\/p>\n\t\t\t<rs-module-wrap id=\"rev_slider_6_2_wrapper\" data-source=\"gallery\" style=\"visibility:hidden;background:transparent;padding:0;margin:0px auto;margin-top:0;margin-bottom:0;\">\n\t\t\t\t<rs-module id=\"rev_slider_6_2\" style=\"\" data-version=\"6.7.14\">\n\t\t\t\t\t<rs-slides style=\"overflow: hidden; position: absolute;\">\n\t\t\t\t\t\t<rs-slide style=\"position: absolute;\" data-key=\"rs-32\" data-title=\"Slide\" data-link=\"\/\/www.google.fi\/maps\/place\/19650+Joutsa\/data=!4m2!3m1!1s0x468ff0d570487411:0x906cbb8204a4aacf?sa=X&ved=2ahUKEwjXlemJ3-rhAhVPalAKHWTkCO8Q8gEwEHoECAoQCA\" data-tag=\"l\" data-target=\"_blank\" data-seoz=\"front\" data-anim=\"adpr:false;\" data-in=\"o:0;\" data-out=\"a:false;\">\n\t\t\t\t\t\t\t<img decoding=\"async\" src=\"\/\/www.joutsa.fi\/visitjoutsa\/wp-content\/plugins\/revslider\/sr6\/assets\/assets\/dummy.png\" alt=\"\" title=\"missa_joutsa_sijaitsee_11122019\" width=\"1667\" height=\"421\" class=\"rev-slidebg tp-rs-img rs-lazyload\" data-lazyload=\"\/\/www.joutsa.fi\/visitjoutsa\/wp-content\/uploads\/2019\/12\/missa_joutsa_sijaitsee_11122019.jpg\" data-no-retina>\n<!--\n\t\t\t\t\t\t\t--><a\n\t\t\t\t\t\t\t\tid=\"slider-6-slide-32-layer-6\" \n\t\t\t\t\t\t\t\tclass=\"rs-layer\"\n\t\t\t\t\t\t\t\thref=\"https:\/\/www.joutsa.fi\/jouto\/\" target=\"_self\"\n\t\t\t\t\t\t\t\tdata-type=\"image\"\n\t\t\t\t\t\t\t\tdata-rsp_ch=\"on\"\n\t\t\t\t\t\t\t\tdata-xy=\"xo:28px,7px,-4px,-6px;yo:291px,224px,205px,217px;\"\n\t\t\t\t\t\t\t\tdata-text=\"l:22;a:inherit;\"\n\t\t\t\t\t\t\t\tdata-dim=\"w:[&#039;503px&#039;,&#039;503px&#039;,&#039;503px&#039;,&#039;503px&#039;];h:[&#039;62px&#039;,&#039;62px&#039;,&#039;62px&#039;,&#039;62px&#039;];\"\n\t\t\t\t\t\t\t\tdata-frame_999=\"o:0;st:w;sR:8700;\"\n\t\t\t\t\t\t\t\tstyle=\"z-index:5;\"\n\t\t\t\t\t\t\t><img decoding=\"async\" src=\"\/\/www.joutsa.fi\/visitjoutsa\/wp-content\/plugins\/revslider\/sr6\/assets\/assets\/dummy.png\" alt=\"\" class=\"tp-rs-img rs-lazyload\" width=\"503\" height=\"62\" data-lazyload=\"\/\/www.joutsa.fi\/nuoli\/wp-content\/uploads\/2019\/05\/map-cta.png\" data-no-retina> \n\t\t\t\t\t\t\t<\/a><!--\n\n\t\t\t\t\t\t\t--><rs-layer\n\t\t\t\t\t\t\t\tid=\"slider-6-slide-32-layer-7\" \n\t\t\t\t\t\t\t\tclass=\"otsikko-slide\"\n\t\t\t\t\t\t\t\tdata-type=\"text\"\n\t\t\t\t\t\t\t\tdata-rsp_ch=\"on\"\n\t\t\t\t\t\t\t\tdata-xy=\"xo:73px,53px,43px,28px;yo:218px,156px,130px,153px;\"\n\t\t\t\t\t\t\t\tdata-text=\"s:50,50,50,36;l:62;fw:800;a:inherit;\"\n\t\t\t\t\t\t\t\tdata-frame_999=\"o:0;st:w;sR:8700;\"\n\t\t\t\t\t\t\t\tstyle=\"z-index:6;font-family:'Open Sans';text-transform:none !important;font-style:normal !important;\"\n\t\t\t\t\t\t\t>MISS\u00c4 JOUTSA SIJAITSEE? \n\t\t\t\t\t\t\t<\/rs-layer><!--\n-->\t\t\t\t\t<\/rs-slide>\n\t\t\t\t\t<\/rs-slides>\n\t\t\t\t<\/rs-module>\n\t\t\t\t<script>\n\t\t\t\t\tsetREVStartSize({c: 'rev_slider_6_2',rl:[1240,1024,778,480],el:[420,320,320,320],gw:[1400,1024,778,480],gh:[420,320,320,320],type:'standard',justify:'',layout:'fullwidth',mh:\"0\"});if (window.RS_MODULES!==undefined && window.RS_MODULES.modules!==undefined && window.RS_MODULES.modules[\"revslider62\"]!==undefined) {window.RS_MODULES.modules[\"revslider62\"].once = false;window.revapi6 = undefined;if (window.RS_MODULES.checkMinimal!==undefined) window.RS_MODULES.checkMinimal()}\n\t\t\t\t<\/script>\n\t\t\t<\/rs-module-wrap>\n\t\t\t<!-- END REVOLUTION SLIDER -->\n\n<div id=\"padding-13\" class=\"mk-padding-divider jupiter-donut-  jupiter-donut-clearfix\"><\/div>\n\n<\/div>\n\t<\/div>\n<div class=\"vc_row-full-width vc_clearfix\"><\/div>\n<\/div>","protected":false},"excerpt":{"rendered":"OSTOKSET Joutsa on n\u00e4pp\u00e4r\u00e4 paikka ostosten tekoon, olet sitten ohikulkumatkalla tai l\u00e4hitienoilla pidemm\u00e4ll\u00e4 visiitill\u00e4. Noin puolimaratoninmittaisella Nelostien p\u00e4tk\u00e4ll\u00e4 Joutsan Oravakivest\u00e4 Leivonm\u00e4keen l\u00f6yd\u00e4t liki kaiken tarpeellisen p\u00e4ivitt\u00e4istavaroista huonekaluihin ja kukkakaupoista pankkipalveluihin. Jos olet ajanut yht\u00e4 kyyti\u00e4 p\u00e4\u00e4kaupunkiseudulta, n\u00e4ill\u00e4 kohdin on jo ehdottomasti Joutsaisan pys\u00e4hdyksen paikka! Sujuvaa ja mukavaa \u2013 koko perheelle! Joutsan keskustan kattavaan palvelutarjontaan kuuluvat [...]","protected":false},"author":5,"featured_media":0,"parent":0,"menu_order":0,"comment_status":"closed","ping_status":"closed","template":"","meta":{"_monsterinsights_skip_tracking":false,"_monsterinsights_sitenote_active":false,"_monsterinsights_sitenote_note":"","_monsterinsights_sitenote_category":0,"footnotes":""},"class_list":["post-837","page","type-page","status-publish","hentry"],"_links":{"self":[{"href":"https:\/\/www.joutsa.fi\/visitjoutsa\/wp-json\/wp\/v2\/pages\/837","targetHints":{"allow":["GET"]}}],"collection":[{"href":"https:\/\/www.joutsa.fi\/visitjoutsa\/wp-json\/wp\/v2\/pages"}],"about":[{"href":"https:\/\/www.joutsa.fi\/visitjoutsa\/wp-json\/wp\/v2\/types\/page"}],"author":[{"embeddable":true,"href":"https:\/\/www.joutsa.fi\/visitjoutsa\/wp-json\/wp\/v2\/users\/5"}],"replies":[{"embeddable":true,"href":"https:\/\/www.joutsa.fi\/visitjoutsa\/wp-json\/wp\/v2\/comments?post=837"}],"version-history":[{"count":23,"href":"https:\/\/www.joutsa.fi\/visitjoutsa\/wp-json\/wp\/v2\/pages\/837\/revisions"}],"predecessor-version":[{"id":1150,"href":"https:\/\/www.joutsa.fi\/visitjoutsa\/wp-json\/wp\/v2\/pages\/837\/revisions\/1150"}],"wp:attachment":[{"href":"https:\/\/www.joutsa.fi\/visitjoutsa\/wp-json\/wp\/v2\/media?parent=837"}],"curies":[{"name":"wp","href":"https:\/\/api.w.org\/{rel}","templated":true}]}}